{"id":9405,"date":"2018-10-22T13:46:26","date_gmt":"2018-10-22T11:46:26","guid":{"rendered":"https:\/\/enscat-dev.pefc.cat\/certificacio-forestal-pefc\/"},"modified":"2023-03-31T16:09:34","modified_gmt":"2023-03-31T14:09:34","slug":"certificacion-forestal-pefc","status":"publish","type":"page","link":"https:\/\/pruebas.enscat.org\/es\/certificacion-forestal-pefc\/","title":{"rendered":"Certificaci\u00f3n Forestal PEFC"},"content":{"rendered":"<div class=\"wpb-content-wrapper\"><p>[vc_row full_width=&#8221;stretch_row&#8221; css=&#8221;.vc_custom_1647602308112{padding-top: 100px !important;padding-bottom: 80px !important;}&#8221; el_id=&#8221;origen-PEFC&#8221;][vc_column css=&#8221;.vc_custom_1541586968176{padding-right: 40px !important;}&#8221; offset=&#8221;vc_col-lg-6&#8243;][vc_row_inner][vc_column_inner css=&#8221;.vc_custom_1541586958015{padding-right: 0px !important;padding-left: 0px !important;}&#8221;]<header class=\"kd-section-title col-lg-12 text-right  kd-animated fadeIn  \" data-animation-delay=200><h2 class=\"separator_off\" >ORIGEN DE LA CERTIFICACI\u00d3N FORESTAL PEFC<\/h2><\/header>[\/vc_column_inner][\/vc_row_inner][vc_row_inner css=&#8221;.vc_custom_1539771982364{margin-top: 25px !important;}&#8221;][vc_column_inner width=&#8221;5\/12&#8243; offset=&#8221;vc_hidden-sm vc_hidden-xs&#8221;][\/vc_column_inner][vc_column_inner css=&#8221;.vc_custom_1541586981475{padding-right: 0px !important;}&#8221; offset=&#8221;vc_col-lg-7&#8243;][vc_custom_heading text=&#8221;PEFC (Programa para el reconocimiento de sistemas de certificaci\u00f3n forestal) es una organizaci\u00f3n internacional no gubernamental y sin \u00e1nimo de lucro, fundada el a\u00f1o 1999, dedicada a promover la gesti\u00f3n forestal sostenible mediante la certificaci\u00f3n de los montes y la trazabilidad de los productos forestales resultantes de dicha gesti\u00f3n hasta llegar al consumidor.&#8221; font_container=&#8221;tag:p|font_size:16px|text_align:right|line_height:1.6&#8243; use_theme_fonts=&#8221;yes&#8221; css_animation=&#8221;fadeIn&#8221; link=&#8221;url:https%3A%2F%2Fwww.pefc.org%2F|target:_blank|rel:nofollow&#8221;][\/vc_column_inner][\/vc_row_inner][\/vc_column][vc_column css=&#8221;.vc_custom_1541586975592{padding-left: 40px !important;}&#8221; offset=&#8221;vc_col-lg-6&#8243;][vc_column_text]PEFC surge por la necesidad que tienen peque\u00f1os\/as propietarios y propietarias forestales de Europa de demostrar a la sociedad la excelencia de la gesti\u00f3n forestal sostenible que llevan a cabo y que es acreditada mediante la certificaci\u00f3n por una tercera parte independiente (Empresa auditora).<\/p>\n<p><span data-ccp-props=\"{&quot;201341983&quot;:0,&quot;335551550&quot;:6,&quot;335551620&quot;:6,&quot;335559739&quot;:160,&quot;335559740&quot;:240}\">\u00a0<\/span><\/p>\n<p>Los <strong>SISTEMAS de CERTIFICACI\u00d3N FORESTAL<\/strong> <em>son instrumentos de mercado para mejorar el conocimiento que pueden tener <\/em><em>los consumidores sobre les <a href=\"https:\/\/pruebas.enscat.org\/es\/monte\/\"><strong><u>Montes<\/u><\/strong><\/a><\/em>\u00a0<em>y su <a href=\"\/es\/monte\/#monte-gesti\u00f3n\"><strong><u>Gesti\u00f3n Forestal Sostenible<\/u><\/strong><\/a><\/em>\u00a0<em>y, a su vez, <\/em><em>estimular el consumo de los productos forestales renovables y respetuosos con el medioambiente (<\/em><em>Consejo de la Uni\u00f3n Europea,1988<\/em>)[\/vc_column_text][\/vc_column][\/vc_row][vc_row full_width=&#8221;stretch_row&#8221; kd_image_overlay_color=&#8221;rgba(34,62,46,0.75)&#8221; kd_image_overlay=&#8221;true&#8221; css=&#8221;.vc_custom_1646215626619{background-image: url(https:\/\/pruebas.enscat.org\/wp-content\/uploads\/2022\/03\/tap-de-suro_enscat.jpg?id=8038) !important;}&#8221;][vc_column][vc_row_inner css=&#8221;.vc_custom_1511348417220{padding-top: 100px !important;padding-bottom: 100px !important;}&#8221;][vc_column_inner width=&#8221;1\/4&#8243;][\/vc_column_inner][vc_column_inner width=&#8221;1\/2&#8243;][vc_custom_heading text=&#8221;La certificaci\u00f3n forestal surge como respuesta a la preocupaci\u00f3n mundial de preservar los montes.&#8221; font_container=&#8221;tag:h3|font_size:40|text_align:center|color:%23ffffff&#8221; use_theme_fonts=&#8221;yes&#8221; css_animation=&#8221;fadeIn&#8221; css=&#8221;.vc_custom_1648736052847{margin-bottom: 35px !important;}&#8221;][\/vc_column_inner][vc_column_inner width=&#8221;1\/4&#8243;][\/vc_column_inner][\/vc_row_inner][\/vc_column][\/vc_row][vc_row full_width=&#8221;stretch_row&#8221; parallax=&#8221;content-moving&#8221; css=&#8221;.vc_custom_1646932818931{margin-top: -100px !important;padding-top: 50px !important;padding-bottom: 85px !important;}&#8221;][vc_column css=&#8221;.vc_custom_1516106070544{padding-right: 0px !important;padding-left: 0px !important;}&#8221;][vc_row_inner][vc_column_inner css=&#8221;.vc_custom_1646216044997{padding-top: 50px !important;padding-right: 100px !important;padding-bottom: 50px !important;padding-left: 100px !important;background-color: #fcfcfc !important;}&#8221;][vc_column_text]PEFC Internacional avala los sistemas nacionales de certificaci\u00f3n forestal desarrollados mediante procesos de m\u00faltiples partes interesadas y adaptados a las prioridades y condiciones locales. \u00a0\u00c9stos han de desarrollar su <a href=\"https:\/\/pruebas.enscat.org\/es\/normativa\/\"><strong><u>Sistema Nacional de Certificaci\u00f3n Forestal<\/u><\/strong><\/a> por consenso con todas las partes interesadas. Aqu\u00ed es <a href=\"https:\/\/www.pefc.cat\" target=\"_blank\" rel=\"noopener\"><b><span data-contrast=\"none\">PEFC Catalunya<\/span><\/b><\/a><\/p>\n<p>&nbsp;<\/p>\n<p>La certificaci\u00f3n forestal proporciona a la propiedad forestal, desde las grandes hasta las peque\u00f1as, una herramienta para demostrar sus pr\u00e1cticas responsables, a la vez que se capacita, a los consumidores y a las empresas, para comprar de manera sostenible.[\/vc_column_text][\/vc_column_inner][\/vc_row_inner][vc_row_inner css=&#8221;.vc_custom_1539614577908{padding-top: 60px !important;}&#8221;][vc_column_inner width=&#8221;1\/3&#8243;]<div class=\"key-icon-box icon-default icon-top cont-center ib-no-effect  kd-animated fadeInUp\" style=\"background-color: transparent;\" data-animation-delay=200><i class=\"iconsmind-Green-House iconsmind-Nature\" style=\" \"><\/i> <h6 class=\"service-heading\" >Responsabilidad<\/h6><\/div>[\/vc_column_inner][vc_column_inner width=&#8221;1\/3&#8243;]<div class=\"key-icon-box icon-default icon-top cont-center ib-no-effect  kd-animated fadeInUp\" style=\"background-color: transparent;\" data-animation-delay=200><i class=\"iconsmind-Shopping-Cart iconsmind-Shopping-E-commerce\" style=\" \"><\/i> <h6 class=\"service-heading\" >Capacitaci\u00f3n<\/h6><\/div>[\/vc_column_inner][vc_column_inner width=&#8221;1\/3&#8243;]<div class=\"key-icon-box icon-default icon-top cont-center ib-no-effect  kd-animated fadeInUp\" style=\"background-color: transparent;\" data-animation-delay=200><i class=\"iconsmind-Christmas-Tree iconsmind-Christmas-Class\" style=\" \"><\/i> <h6 class=\"service-heading\" >Sostenibilidad<\/h6><\/div>[\/vc_column_inner][\/vc_row_inner][\/vc_column][\/vc_row][vc_row full_width=&#8221;stretch_row&#8221; css=&#8221;.vc_custom_1648727707342{padding-top: 100px !important;padding-bottom: 100px !important;background-color: #f3f3f3 !important;}&#8221; el_id=&#8221;qu\u00e9-es-PEFC&#8221;][vc_column]<header class=\"kd-section-title vc_col-lg-6 vc_col-sm-8 text-center     vc_custom_1648736367302\" ><h2 class=\"separator_off\" >\u00bfQU\u00c9 ES LA CERTIFICACI\u00d3N FORESTAL PEFC?<\/h2><h6 class=\"subtitle \" >La certificaci\u00f3n forestal PEFC es un mecanismo mediante el cual una tercera parte independiente (empresa auditora) eval\u00faa, verifica y certifica que:<\/h6><\/header>[vc_row_inner equal_height=&#8221;yes&#8221;][vc_column_inner width=&#8221;1\/2&#8243; css=&#8221;.vc_custom_1647607196684{background-color: #ffffff !important;}&#8221;][vc_column_text css=&#8221;.vc_custom_1648736605269{padding-top: 20% !important;padding-right: 10% !important;padding-bottom: 15% !important;padding-left: 15% !important;}&#8221;]<\/p>\n<h3 style=\"text-align: right;\">A nivel de MONTE<\/h3>\n<p style=\"text-align: right;\"><a href=\"https:\/\/pruebas.enscat.org\/es\/certificacion-forestal-pefc\/certificaciones-pefc\/\" target=\"_blank\" rel=\"noopener\"><span class=\"TextRun Underlined MacChromeBold SCXW42844490 BCX0\" lang=\"CA-ES\" xml:lang=\"CA-ES\" data-contrast=\"none\"><span class=\"NormalTextRun SCXW42844490 BCX0\">Certificaci\u00f3n de la Gesti\u00f3n Forestal Sostenible <\/span><span class=\"NormalTextRun SCXW42844490 BCX0\">\u2013<\/span><span class=\"NormalTextRun SCXW42844490 BCX0\"> GFS<\/span><\/span><\/a><\/p>\n<p style=\"text-align: right;\">Los trabajos forestales, es decir, la silvicultura, se lleva a cabo garantizando el equilibrio entre el aprovechamientos de sus recursos y la conservaci\u00f3n y preservaci\u00f3n de sus funciones ambientales y sociales dando as\u00ed cumplimiento a los indicadores de sostenibilidad marcados por la Norma internacional.<\/p>\n<p>[\/vc_column_text][\/vc_column_inner][vc_column_inner width=&#8221;1\/2&#8243; css=&#8221;.vc_custom_1647608013367{background-image: url(https:\/\/pruebas.enscat.org\/wp-content\/uploads\/2022\/03\/treballs-forestals_2_enscat.jpg?id=8757) !important;background-position: center !important;background-repeat: no-repeat !important;background-size: cover !important;}&#8221;][\/vc_column_inner][\/vc_row_inner][vc_row_inner equal_height=&#8221;yes&#8221; css=&#8221;.vc_custom_1647873049630{background-color: #ffffff !important;}&#8221;][vc_column_inner width=&#8221;1\/2&#8243; css=&#8221;.vc_custom_1647608480493{background: #ffffff url(https:\/\/pruebas.enscat.org\/wp-content\/uploads\/2022\/03\/miel-certificacion-pefc_enscat.jpg?id=8949) !important;}&#8221;][\/vc_column_inner][vc_column_inner width=&#8221;1\/2&#8243; css=&#8221;.vc_custom_1647608102804{background-position: center !important;background-repeat: no-repeat !important;background-size: cover !important;}&#8221;][vc_column_text css=&#8221;.vc_custom_1648736596988{padding-top: 20% !important;padding-right: 15% !important;padding-bottom: 15% !important;padding-left: 10% !important;}&#8221;]<\/p>\n<h3 style=\"text-align: left;\">A nivel de INDUSTRIA y COMERCIANTES<\/h3>\n<p><a href=\"\/es\/certificacion-forestal-pefc\/certificaciones-pefc\/#cadena-de-custodia\" target=\"_blank\" rel=\"noopener\"><span class=\"TextRun Underlined MacChromeBold SCXW245512486 BCX0\" lang=\"CA-ES\" xml:lang=\"CA-ES\" data-contrast=\"none\"><span class=\"NormalTextRun SCXW245512486 BCX0\">Certificaci\u00f3n de la Cadena de Custodia <\/span><span class=\"NormalTextRun SCXW245512486 BCX0\">\u2013<\/span><span class=\"NormalTextRun SCXW245512486 BCX0\"> CdC<\/span><\/span><\/a><\/p>\n<p>Existe una trazabilidad que garantiza que la materia prima del producto final que llega al consumidor con el <strong><u>Sello PEFC<\/u><\/strong> proviene de un monte certificado PEFC gestionada de manera sostenible.[\/vc_column_text][\/vc_column_inner][\/vc_row_inner][\/vc_column][\/vc_row][vc_row css=&#8221;.vc_custom_1513766984124{padding-top: 100px !important;padding-bottom: 100px !important;}&#8221;][vc_column]<header class=\"kd-section-title vc_col-lg-6 vc_col-sm-8 text-center     vc_custom_1648736641554\" ><h2 class=\"separator_off\" >La Certificaci\u00f3n forestal PEFC trabaja a una doble escala vinculadas entre ellas:<\/h2><\/header>[vc_single_image image=&#8221;8061&#8243; img_size=&#8221;full&#8221; alignment=&#8221;center&#8221; css=&#8221;.vc_custom_1647874013752{padding-right: 3% !important;padding-left: 3% !important;}&#8221;][vc_column_text css=&#8221;.vc_custom_1680271767608{padding-top: 5% !important;padding-right: 15% !important;padding-bottom: 5% !important;padding-left: 15% !important;}&#8221;]<\/p>\n<p style=\"text-align: center;\"><strong>El sistema de certificaci\u00f3n forestal PEFC<\/strong> es un sistema voluntario, cre\u00edble, transparente, de libre acceso, creado de abajo arriba con la participaci\u00f3n de todas las partes interesadas y con una baja relaci\u00f3n coste\/eficacia.<\/p>\n<p style=\"text-align: center;\">La <strong>supervisi\u00f3n y control<\/strong> llevado a cabo por una tercera parte independiente (empresa auditora) acredita la Credibilidad del sistema implantado.<\/p>\n<p>[\/vc_column_text][\/vc_column][vc_column][\/vc_column][\/vc_row][vc_row full_width=&#8221;stretch_row&#8221; kd_image_overlay_color=&#8221;rgba(34,62,46,0.75)&#8221; kd_image_overlay=&#8221;true&#8221; css=&#8221;.vc_custom_1647256593175{background-image: url(https:\/\/pruebas.enscat.org\/wp-content\/uploads\/2022\/03\/maquinaria-forestal_3_enscat_opt.jpg?id=8766) !important;}&#8221;][vc_column][vc_row_inner css=&#8221;.vc_custom_1511348417220{padding-top: 100px !important;padding-bottom: 100px !important;}&#8221;][vc_column_inner width=&#8221;1\/4&#8243;][\/vc_column_inner][vc_column_inner width=&#8221;1\/2&#8243;][vc_custom_heading text=&#8221;La Certificaci\u00f3n Forestal PEFC en gesti\u00f3n forestal sostenible trabaja para la conservaci\u00f3n de los montes haciendo compatible el aprovechamiento de sus recursos y la creaci\u00f3n de riqueza en el medio rural con la preservaci\u00f3n de sus funciones ambientales y sociales.&#8221; font_container=&#8221;tag:h3|font_size:40|text_align:center|color:%23ffffff&#8221; use_theme_fonts=&#8221;yes&#8221; css_animation=&#8221;fadeIn&#8221; css=&#8221;.vc_custom_1648736729190{margin-bottom: 0px !important;}&#8221;][\/vc_column_inner][vc_column_inner width=&#8221;1\/4&#8243;][\/vc_column_inner][\/vc_row_inner][\/vc_column][\/vc_row][vc_row css=&#8221;.vc_custom_1646935490914{margin-top: 50px !important;margin-bottom: 50px !important;}&#8221;][vc_column]<header class=\"kd-section-title vc_col-lg-6 vc_col-sm-8 text-center     vc_custom_1648736778827\" ><h2 class=\"separator_off\" >M\u00c1S INFORMACI\u00d3N SOBRE LA CERTIFICACI\u00d3N PEFC<\/h2><\/header>[vc_row_inner][vc_column_inner width=&#8221;1\/4&#8243;][vc_btn title=&#8221;CERTIFICACI\u00d3N PEFC EN GESTI\u00d3N FORESTAL SOSTENIBLE&#8221; link=&#8221;url:%2Fes%2Fcertificacion-forestal-pefc%2Fcertificaciones-pefc%2F%23certificaci%C3%B3n-PEFC-gesti%C3%B3n-forestal-sostenible|title:Certificacions%20PEFC&#8221;][\/vc_column_inner][vc_column_inner width=&#8221;1\/4&#8243;][vc_btn title=&#8221;CERTIFICACI\u00d3N PEFC EN CADENA DE CUSTODIA&#8221; link=&#8221;url:%2Fes%2Fcertificacion-forestal-pefc%2Fcertificaciones-pefc%2F%23cadena-de-custodia|title:Certificacions%20PEFC&#8221;][\/vc_column_inner][vc_column_inner width=&#8221;1\/4&#8243;][vc_btn title=&#8221;\u00bfQU\u00c9 PRODUCTOS SE PUEDE CERTIFICAR PEFC?&#8221; link=&#8221;url:%2Fes%2Fcertificacion-forestal-pefc%2Fcertificaciones-pefc%2F%23productos-PEFC|title:Certificacions%20PEFC&#8221;][\/vc_column_inner][vc_column_inner width=&#8221;1\/4&#8243;][vc_btn title=&#8221;POR QU\u00c9 CERTIFICARSE&#8221; link=&#8221;url:%2Fes%2Fcertificacion-forestal-pefc%2Fcertificaciones-pefc%2F%23por-qu%C3%A9-certificarse|title:Certificacions%20PEFC&#8221;][\/vc_column_inner][\/vc_row_inner][\/vc_column][\/vc_row]<\/p>\n<\/div>","protected":false},"excerpt":{"rendered":"<p>[vc_row full_width=&#8221;stretch_row&#8221; css=&#8221;.vc_custom_1647602308112{padding-top: 100px !important;padding-bottom: 80px !important;}&#8221; el_id=&#8221;origen-PEFC&#8221;][vc_column css=&#8221;.vc_custom_1541586968176{padding-right: 40px !important;}&#8221; offset=&#8221;vc_col-lg-6&#8243;][vc_row_inner][vc_column_inner css=&#8221;.vc_custom_1541586958015{padding-right: 0px !important;padding-left: [&hellip;]<\/p>\n","protected":false},"author":1,"featured_media":8756,"parent":0,"menu_order":0,"comment_status":"closed","ping_status":"closed","template":"","meta":{"_acf_changed":false,"footnotes":""},"class_list":["post-9405","page","type-page","status-publish","has-post-thumbnail","hentry"],"acf":[],"yoast_head":"<!-- This site is optimized with the Yoast SEO plugin v26.5 - https:\/\/yoast.com\/wordpress\/plugins\/seo\/ -->\n<title>Certificaci\u00f3n Forestal PEFC - ENSCAT<\/title>\n<meta name=\"description\" content=\"PEFC es una organizaci\u00f3n internacional dedicada a promover la gesti\u00f3n forestal sostenible mediante la certificaci\u00f3n de los montes y la trazabilidad de los productos forestales resultantes de su gesti\u00f3n hasta el consumidor.\" \/>\n<meta name=\"robots\" content=\"index, follow, max-snippet:-1, max-image-preview:large, max-video-preview:-1\" \/>\n<link rel=\"canonical\" href=\"https:\/\/pruebas.enscat.org\/es\/certificacion-forestal-pefc\/\" \/>\n<meta property=\"og:locale\" content=\"es_ES\" \/>\n<meta property=\"og:type\" content=\"article\" \/>\n<meta property=\"og:title\" content=\"Certificaci\u00f3n Forestal PEFC - ENSCAT\" \/>\n<meta property=\"og:description\" content=\"PEFC es una organizaci\u00f3n internacional dedicada a promover la gesti\u00f3n forestal sostenible mediante la certificaci\u00f3n de los montes y la trazabilidad de los productos forestales resultantes de su gesti\u00f3n hasta el consumidor.\" \/>\n<meta property=\"og:url\" content=\"https:\/\/pruebas.enscat.org\/es\/certificacion-forestal-pefc\/\" \/>\n<meta property=\"og:site_name\" content=\"ENSCAT\" \/>\n<meta property=\"article:modified_time\" content=\"2023-03-31T14:09:34+00:00\" \/>\n<meta property=\"og:image\" content=\"https:\/\/pruebas.enscat.org\/wp-content\/uploads\/2022\/03\/IMAENSCAT-ORG.jpg\" \/>\n\t<meta property=\"og:image:width\" content=\"1200\" \/>\n\t<meta property=\"og:image:height\" content=\"630\" \/>\n\t<meta property=\"og:image:type\" content=\"image\/jpeg\" \/>\n<meta name=\"twitter:card\" content=\"summary_large_image\" \/>\n<meta name=\"twitter:image\" content=\"https:\/\/pruebas.enscat.org\/wp-content\/uploads\/2022\/03\/IMAENSCAT-ORG.jpg\" \/>\n<script type=\"application\/ld+json\" class=\"yoast-schema-graph\">{\"@context\":\"https:\/\/schema.org\",\"@graph\":[{\"@type\":\"WebPage\",\"@id\":\"https:\/\/pruebas.enscat.org\/es\/certificacion-forestal-pefc\/\",\"url\":\"https:\/\/pruebas.enscat.org\/es\/certificacion-forestal-pefc\/\",\"name\":\"Certificaci\u00f3n Forestal PEFC - ENSCAT\",\"isPartOf\":{\"@id\":\"https:\/\/pruebas.enscat.org\/es\/#website\"},\"primaryImageOfPage\":{\"@id\":\"https:\/\/pruebas.enscat.org\/es\/certificacion-forestal-pefc\/#primaryimage\"},\"image\":{\"@id\":\"https:\/\/pruebas.enscat.org\/es\/certificacion-forestal-pefc\/#primaryimage\"},\"thumbnailUrl\":\"https:\/\/pruebas.enscat.org\/wp-content\/uploads\/2022\/03\/fusta-apilada_enscat.jpg\",\"datePublished\":\"2018-10-22T11:46:26+00:00\",\"dateModified\":\"2023-03-31T14:09:34+00:00\",\"description\":\"PEFC es una organizaci\u00f3n internacional dedicada a promover la gesti\u00f3n forestal sostenible mediante la certificaci\u00f3n de los montes y la trazabilidad de los productos forestales resultantes de su gesti\u00f3n hasta el consumidor.\",\"breadcrumb\":{\"@id\":\"https:\/\/pruebas.enscat.org\/es\/certificacion-forestal-pefc\/#breadcrumb\"},\"inLanguage\":\"es\",\"potentialAction\":[{\"@type\":\"ReadAction\",\"target\":[\"https:\/\/pruebas.enscat.org\/es\/certificacion-forestal-pefc\/\"]}]},{\"@type\":\"ImageObject\",\"inLanguage\":\"es\",\"@id\":\"https:\/\/pruebas.enscat.org\/es\/certificacion-forestal-pefc\/#primaryimage\",\"url\":\"https:\/\/pruebas.enscat.org\/wp-content\/uploads\/2022\/03\/fusta-apilada_enscat.jpg\",\"contentUrl\":\"https:\/\/pruebas.enscat.org\/wp-content\/uploads\/2022\/03\/fusta-apilada_enscat.jpg\",\"width\":1400,\"height\":935,\"caption\":\"Fusta apilada_enscat\"},{\"@type\":\"BreadcrumbList\",\"@id\":\"https:\/\/pruebas.enscat.org\/es\/certificacion-forestal-pefc\/#breadcrumb\",\"itemListElement\":[{\"@type\":\"ListItem\",\"position\":1,\"name\":\"Portada\",\"item\":\"https:\/\/pruebas.enscat.org\/es\/inicio\/\"},{\"@type\":\"ListItem\",\"position\":2,\"name\":\"Certificaci\u00f3n Forestal PEFC\"}]},{\"@type\":\"WebSite\",\"@id\":\"https:\/\/pruebas.enscat.org\/es\/#website\",\"url\":\"https:\/\/pruebas.enscat.org\/es\/\",\"name\":\"ENSCAT\",\"description\":\"Ens Catal\u00e0 Sol\u00b7licitant de la Certificaci\u00f3 Forestal\",\"publisher\":{\"@id\":\"https:\/\/pruebas.enscat.org\/es\/#organization\"},\"potentialAction\":[{\"@type\":\"SearchAction\",\"target\":{\"@type\":\"EntryPoint\",\"urlTemplate\":\"https:\/\/pruebas.enscat.org\/es\/?s={search_term_string}\"},\"query-input\":{\"@type\":\"PropertyValueSpecification\",\"valueRequired\":true,\"valueName\":\"search_term_string\"}}],\"inLanguage\":\"es\"},{\"@type\":\"Organization\",\"@id\":\"https:\/\/pruebas.enscat.org\/es\/#organization\",\"name\":\"Ens Catl\u00e0 Sol\u00b7licitant de la Certificaci\u00f3 Forestal\",\"url\":\"https:\/\/pruebas.enscat.org\/es\/\",\"logo\":{\"@type\":\"ImageObject\",\"inLanguage\":\"es\",\"@id\":\"https:\/\/pruebas.enscat.org\/es\/#\/schema\/logo\/image\/\",\"url\":\"https:\/\/pruebas.enscat.org\/wp-content\/uploads\/2022\/01\/LogoENSCAT-color.svg\",\"contentUrl\":\"https:\/\/pruebas.enscat.org\/wp-content\/uploads\/2022\/01\/LogoENSCAT-color.svg\",\"width\":\"1024\",\"height\":\"1024\",\"caption\":\"Ens Catl\u00e0 Sol\u00b7licitant de la Certificaci\u00f3 Forestal\"},\"image\":{\"@id\":\"https:\/\/pruebas.enscat.org\/es\/#\/schema\/logo\/image\/\"}}]}<\/script>\n<!-- \/ Yoast SEO plugin. -->","yoast_head_json":{"title":"Certificaci\u00f3n Forestal PEFC - ENSCAT","description":"PEFC es una organizaci\u00f3n internacional dedicada a promover la gesti\u00f3n forestal sostenible mediante la certificaci\u00f3n de los montes y la trazabilidad de los productos forestales resultantes de su gesti\u00f3n hasta el consumidor.","robots":{"index":"index","follow":"follow","max-snippet":"max-snippet:-1","max-image-preview":"max-image-preview:large","max-video-preview":"max-video-preview:-1"},"canonical":"https:\/\/pruebas.enscat.org\/es\/certificacion-forestal-pefc\/","og_locale":"es_ES","og_type":"article","og_title":"Certificaci\u00f3n Forestal PEFC - ENSCAT","og_description":"PEFC es una organizaci\u00f3n internacional dedicada a promover la gesti\u00f3n forestal sostenible mediante la certificaci\u00f3n de los montes y la trazabilidad de los productos forestales resultantes de su gesti\u00f3n hasta el consumidor.","og_url":"https:\/\/pruebas.enscat.org\/es\/certificacion-forestal-pefc\/","og_site_name":"ENSCAT","article_modified_time":"2023-03-31T14:09:34+00:00","og_image":[{"width":1200,"height":630,"url":"https:\/\/pruebas.enscat.org\/wp-content\/uploads\/2022\/03\/IMAENSCAT-ORG.jpg","type":"image\/jpeg"}],"twitter_card":"summary_large_image","twitter_image":"https:\/\/pruebas.enscat.org\/wp-content\/uploads\/2022\/03\/IMAENSCAT-ORG.jpg","schema":{"@context":"https:\/\/schema.org","@graph":[{"@type":"WebPage","@id":"https:\/\/pruebas.enscat.org\/es\/certificacion-forestal-pefc\/","url":"https:\/\/pruebas.enscat.org\/es\/certificacion-forestal-pefc\/","name":"Certificaci\u00f3n Forestal PEFC - ENSCAT","isPartOf":{"@id":"https:\/\/pruebas.enscat.org\/es\/#website"},"primaryImageOfPage":{"@id":"https:\/\/pruebas.enscat.org\/es\/certificacion-forestal-pefc\/#primaryimage"},"image":{"@id":"https:\/\/pruebas.enscat.org\/es\/certificacion-forestal-pefc\/#primaryimage"},"thumbnailUrl":"https:\/\/pruebas.enscat.org\/wp-content\/uploads\/2022\/03\/fusta-apilada_enscat.jpg","datePublished":"2018-10-22T11:46:26+00:00","dateModified":"2023-03-31T14:09:34+00:00","description":"PEFC es una organizaci\u00f3n internacional dedicada a promover la gesti\u00f3n forestal sostenible mediante la certificaci\u00f3n de los montes y la trazabilidad de los productos forestales resultantes de su gesti\u00f3n hasta el consumidor.","breadcrumb":{"@id":"https:\/\/pruebas.enscat.org\/es\/certificacion-forestal-pefc\/#breadcrumb"},"inLanguage":"es","potentialAction":[{"@type":"ReadAction","target":["https:\/\/pruebas.enscat.org\/es\/certificacion-forestal-pefc\/"]}]},{"@type":"ImageObject","inLanguage":"es","@id":"https:\/\/pruebas.enscat.org\/es\/certificacion-forestal-pefc\/#primaryimage","url":"https:\/\/pruebas.enscat.org\/wp-content\/uploads\/2022\/03\/fusta-apilada_enscat.jpg","contentUrl":"https:\/\/pruebas.enscat.org\/wp-content\/uploads\/2022\/03\/fusta-apilada_enscat.jpg","width":1400,"height":935,"caption":"Fusta apilada_enscat"},{"@type":"BreadcrumbList","@id":"https:\/\/pruebas.enscat.org\/es\/certificacion-forestal-pefc\/#breadcrumb","itemListElement":[{"@type":"ListItem","position":1,"name":"Portada","item":"https:\/\/pruebas.enscat.org\/es\/inicio\/"},{"@type":"ListItem","position":2,"name":"Certificaci\u00f3n Forestal PEFC"}]},{"@type":"WebSite","@id":"https:\/\/pruebas.enscat.org\/es\/#website","url":"https:\/\/pruebas.enscat.org\/es\/","name":"ENSCAT","description":"Ens Catal\u00e0 Sol\u00b7licitant de la Certificaci\u00f3 Forestal","publisher":{"@id":"https:\/\/pruebas.enscat.org\/es\/#organization"},"potentialAction":[{"@type":"SearchAction","target":{"@type":"EntryPoint","urlTemplate":"https:\/\/pruebas.enscat.org\/es\/?s={search_term_string}"},"query-input":{"@type":"PropertyValueSpecification","valueRequired":true,"valueName":"search_term_string"}}],"inLanguage":"es"},{"@type":"Organization","@id":"https:\/\/pruebas.enscat.org\/es\/#organization","name":"Ens Catl\u00e0 Sol\u00b7licitant de la Certificaci\u00f3 Forestal","url":"https:\/\/pruebas.enscat.org\/es\/","logo":{"@type":"ImageObject","inLanguage":"es","@id":"https:\/\/pruebas.enscat.org\/es\/#\/schema\/logo\/image\/","url":"https:\/\/pruebas.enscat.org\/wp-content\/uploads\/2022\/01\/LogoENSCAT-color.svg","contentUrl":"https:\/\/pruebas.enscat.org\/wp-content\/uploads\/2022\/01\/LogoENSCAT-color.svg","width":"1024","height":"1024","caption":"Ens Catl\u00e0 Sol\u00b7licitant de la Certificaci\u00f3 Forestal"},"image":{"@id":"https:\/\/pruebas.enscat.org\/es\/#\/schema\/logo\/image\/"}}]}},"_links":{"self":[{"href":"https:\/\/pruebas.enscat.org\/es\/wp-json\/wp\/v2\/pages\/9405","targetHints":{"allow":["GET"]}}],"collection":[{"href":"https:\/\/pruebas.enscat.org\/es\/wp-json\/wp\/v2\/pages"}],"about":[{"href":"https:\/\/pruebas.enscat.org\/es\/wp-json\/wp\/v2\/types\/page"}],"author":[{"embeddable":true,"href":"https:\/\/pruebas.enscat.org\/es\/wp-json\/wp\/v2\/users\/1"}],"replies":[{"embeddable":true,"href":"https:\/\/pruebas.enscat.org\/es\/wp-json\/wp\/v2\/comments?post=9405"}],"version-history":[{"count":0,"href":"https:\/\/pruebas.enscat.org\/es\/wp-json\/wp\/v2\/pages\/9405\/revisions"}],"wp:featuredmedia":[{"embeddable":true,"href":"https:\/\/pruebas.enscat.org\/es\/wp-json\/wp\/v2\/media\/8756"}],"wp:attachment":[{"href":"https:\/\/pruebas.enscat.org\/es\/wp-json\/wp\/v2\/media?parent=9405"}],"curies":[{"name":"wp","href":"https:\/\/api.w.org\/{rel}","templated":true}]}}