{"id":9403,"date":"2022-03-10T22:05:36","date_gmt":"2022-03-10T21:05:36","guid":{"rendered":"https:\/\/enscat-dev.pefc.cat\/area-privada-adscrits\/"},"modified":"2023-05-05T05:57:51","modified_gmt":"2023-05-05T03:57:51","slug":"area-privada","status":"publish","type":"page","link":"https:\/\/pruebas.enscat.org\/es\/area-privada\/","title":{"rendered":"Area Privada"},"content":{"rendered":"<div class=\"wpb-content-wrapper\"><p>[vc_row full_width=&#8221;stretch_row&#8221; css=&#8221;.vc_custom_1648430485161{padding-top: 100px !important;padding-bottom: 100px !important;}&#8221;][vc_column][vc_row_inner][vc_column_inner width=&#8221;1\/2&#8243;][vc_column_text]<\/p>\n<h2>ACCESO AL \u00c1REA PRIVADA<\/h2>\n<p>Mediante el acceso al \u00c1REA PRIVADA, la persona adscrita al ENSCAT puede acceder, de forma individualizada, a la informaci\u00f3n referente a su expediente de adscripci\u00f3n al Sistema de Certificaci\u00f3n PEFC.<\/p>\n<p>Entre otros, podr\u00e1 disponer de su Certificado de Gesti\u00f3n Forestal Sostenible (que puede descargarse) que acredita su participaci\u00f3n en el ENSCAT hasta la fecha de vigencia especificada.[\/vc_column_text][vc_btn title=&#8221;Ver certificado&#8221; style=&#8221;flat&#8221; color=&#8221;danger&#8221; link=&#8221;url:https%3A%2F%2Fenscat.org%2Fes%2Fdocumentos%2F|title:Documentos&#8221;][\/vc_column_inner][vc_column_inner width=&#8221;1\/2&#8243;][vc_column_text]<div class=\"w3eden\">\r\n    <div id=\"wpdmlogin\" >\r\n                    <div class=\"text-center wpdmlogin-logo\">\r\n                <a href=\"https:\/\/pruebas.enscat.org\/es\/\"><img decoding=\"async\" alt=\"Logo\" src=\"https:\/\/pruebas.enscat.org\/wp-content\/uploads\/2022\/03\/logo-enscat-cuadrado.png\" \/><\/a>\r\n            <\/div>\r\n        \r\n\r\n\r\n\r\n\r\n\r\n        \r\n\r\n        <form name=\"loginform\" id=\"loginform\" action=\"\" method=\"post\" class=\"login-form\" >\r\n\r\n            <input type=\"hidden\" name=\"permalink\" value=\"https:\/\/pruebas.enscat.org\/es\/area-privada\/\" \/>\r\n\r\n            <div id=\"__signin_msg\"><\/div>\r\n\r\n\r\n            \r\n            <input type='hidden' name='__phash' id='__phash' value='FfnZNFeb8LfzU5ImxUkaGWz-9VJej4NqW3tRfsdzqX8RCjtPrpVEIEf1T9bZPNjG40dFxVYNe527AzQb3VIuzOjjTQ5uDKjhkLr5kQKJ3MnMJWC09pGyGTM3oYEYKWHglQ2sP824_5pGcUDT9ZQX2FGvlfVKxhazR34qZZxxWRLVSxhVzsCuhEWzki46JXTTUty9-i-pvoLIYeYXXDGANA'  \/><div class='form-group ' id='row_log'><div class='input-wrapper text-input-wrapper' id='row_log_wrapper'><label form='log'>Correo electr\u00f3nico<\/label><input type='text' name='wpdm_login[log]' id='user_login' required='required' placeholder='Nombre de usuario o correo electr\u00f3nico' class='form-control'  \/><\/div><\/div><div class='form-group ' id='row_password'><div class='input-wrapper password-input-wrapper' id='row_password_wrapper'><label form='password'>Contrase\u00f1a<\/label><input type='password' name='wpdm_login[pwd]' id='password' required='required' placeholder='Introducir la contrase\u00f1a' strength='0' class='form-control'  \/><\/div><\/div>\r\n\r\n            \r\n                        \r\n            <div class=\"row login-form-meta-text text-muted mb-3\" style=\"font-size: 10px\">\r\n                <div class=\"col-md-5\"><label><input class=\"wpdm-checkbox\" name=\"rememberme\" type=\"checkbox\" id=\"rememberme\" value=\"forever\" \/>Recu\u00e9rdame<\/label><\/div>\r\n                <div class=\"col-md-7 text-right\"><a class=\"color-blue\" href=\"https:\/\/pruebas.enscat.org\/area-privada-adscrits\/?action=lostpassword\">\u00bfHas olvidado la contrase\u00f1a?<\/a><\/div>\r\n            <\/div>\r\n\r\n            <div class=\"row\">\r\n                <div class=\"col-md-12\"><button type=\"submit\" name=\"wp-submit\" id=\"loginform-submit\" class=\"btn btn-block btn-primary btn-lg\"><i class=\"fas fa-user-shield\"><\/i> &nbsp;Acceder<\/button><\/div>\r\n                            <\/div>\r\n\r\n            <div class=\"row\">\r\n                            <\/div>\r\n\r\n\r\n            <input type=\"hidden\" name=\"redirect_to\" value=\"\/es\/wp-json\/wp\/v2\/pages\/9403\" \/>\r\n\r\n\r\n\r\n        <\/form>\r\n\r\n\r\n\r\n        \r\n    <\/div>\r\n\r\n\r\n<\/div>\r\n<script>\r\n    jQuery(function ($) {\r\n                var llbl = $('#loginform-submit').html();\r\n        $('#loginform').submit(function () {\r\n            $('#loginform-submit').html(WPDM.html(\"i\", \"\", \"fa fa-spin fa-sync\")+\" Accediendo...\").attr('disabled', 'disabled');\r\n            WPDM.blockUI('#loginform');\r\n            $(this).ajaxSubmit({\r\n                error: async function(error) {\r\n                    WPDM.unblockUI('#loginform');\r\n                    console.log(error);\r\n                    if(typeof error.responseJSON !== 'undefined') {\r\n                    $('#loginform').prepend(WPDM.html(\"div\", error.responseJSON.messages, \"alert alert-danger\"));\r\n                    $('#loginform-submit').html(llbl).removeAttr('disabled');\r\n                                        } else {\r\n                        setTimeout(function () {\r\n                            location.href = \"\/es\/wp-json\/wp\/v2\/pages\/9403\";\r\n                        }, 1000);\r\n                    }\r\n                },\r\n                success: async function (res) {\r\n                    WPDM.unblockUI('#loginform');\r\n                    if (!res.success) {\r\n                        $('form .alert-danger').hide();\r\n                        $('#loginform').prepend(WPDM.html(\"div\", res.message, \"alert alert-danger\"));\r\n                        $('#loginform-submit').html(llbl).removeAttr('disabled');\r\n                                            } else {\r\n                        let proceed = await WPDM.doAction(\"wpdm_user_login\", res);\r\n                        $('#loginform-submit').html(WPDM.html(\"i\", \"\", \"fa fa-sun fa-spider\") + \" \" + res.message);\r\n                        setTimeout(function () {\r\n                            location.href = \"\/es\/wp-json\/wp\/v2\/pages\/9403\";\r\n                        }, 1000);\r\n                    }\r\n                }\r\n            });\r\n            return false;\r\n        });\r\n                $('body').on('click', 'form .alert-danger', function(){\r\n            $(this).slideUp();\r\n        });\r\n\r\n    });\r\n<\/script>\r\n[\/vc_column_text][\/vc_column_inner][\/vc_row_inner][vc_row_inner disable_element=&#8221;yes&#8221; css=&#8221;.vc_custom_1649378564447{padding-right: 100px !important;padding-bottom: 80px !important;padding-left: 100px !important;}&#8221;][vc_column_inner width=&#8221;1\/2&#8243; css=&#8221;.vc_custom_1541584818078{padding-right: 20px !important;}&#8221;][vc_single_image image=&#8221;7810&#8243; img_size=&#8221;medium&#8221; alignment=&#8221;center&#8221; css_animation=&#8221;fadeIn&#8221; css=&#8221;.vc_custom_1646946674089{padding-bottom: 20px !important;}&#8221;][\/vc_column_inner][vc_column_inner width=&#8221;1\/2&#8243; css=&#8221;.vc_custom_1541584821670{padding-left: 20px !important;}&#8221;]<form name=\"loginform\" id=\"loginform\" action=\"https:\/\/pruebas.enscat.org\/es\/gestio\/\" method=\"post\"><p class=\"login-username\">\n\t\t\t\t<label for=\"user_login\">Correo electr\u00f3nico<\/label>\n\t\t\t\t<input type=\"text\" name=\"log\" id=\"user_login\" autocomplete=\"username\" class=\"input\" value=\"\" size=\"20\" \/>\n\t\t\t<\/p><p class=\"login-password\">\n\t\t\t\t<label for=\"user_pass\">Contrase\u00f1a<\/label>\n\t\t\t\t<input type=\"password\" name=\"pwd\" id=\"user_pass\" autocomplete=\"current-password\" spellcheck=\"false\" class=\"input\" value=\"\" size=\"20\" \/>\n\t\t\t<\/p><p class=\"login-remember\"><label><input name=\"rememberme\" type=\"checkbox\" id=\"rememberme\" value=\"forever\" \/> Recu\u00e9rdame<\/label><\/p><p class=\"login-submit\">\n\t\t\t\t<input type=\"submit\" name=\"wp-submit\" id=\"wp-submit\" class=\"button button-primary\" value=\"Acceder\" \/>\n\t\t\t\t<input type=\"hidden\" name=\"redirect_to\" value=\"\/documents\/\" \/>\n\t\t\t<\/p><\/form>[vc_empty_space height=&#8221;40px&#8221;][vc_column_text][documents][\/vc_column_text][\/vc_column_inner][\/vc_row_inner][\/vc_column][\/vc_row][vc_row full_width=&#8221;stretch_row&#8221; disable_element=&#8221;yes&#8221;][vc_column][vc_row_inner][vc_column_inner width=&#8221;1\/2&#8243;][\/vc_column_inner][vc_column_inner width=&#8221;1\/2&#8243;][\/vc_column_inner][\/vc_row_inner][vc_row_inner css=&#8221;.vc_custom_1646946655191{padding-right: 100px !important;padding-bottom: 80px !important;padding-left: 100px !important;}&#8221;][vc_column_inner width=&#8221;1\/2&#8243; css=&#8221;.vc_custom_1541584818078{padding-right: 20px !important;}&#8221;][vc_single_image image=&#8221;8469&#8243; img_size=&#8221;full&#8221;][\/vc_column_inner][vc_column_inner width=&#8221;1\/2&#8243; css=&#8221;.vc_custom_1541584821670{padding-left: 20px !important;}&#8221;][vc_single_image image=&#8221;7810&#8243; img_size=&#8221;medium&#8221; alignment=&#8221;center&#8221; css_animation=&#8221;fadeIn&#8221; css=&#8221;.vc_custom_1646946674089{padding-bottom: 20px !important;}&#8221;]<form name=\"loginform\" id=\"loginform\" action=\"https:\/\/pruebas.enscat.org\/es\/gestio\/\" method=\"post\"><p class=\"login-username\">\n\t\t\t\t<label for=\"user_login\">Correo electr\u00f3nico<\/label>\n\t\t\t\t<input type=\"text\" name=\"log\" id=\"user_login\" autocomplete=\"username\" class=\"input\" value=\"\" size=\"20\" \/>\n\t\t\t<\/p><p class=\"login-password\">\n\t\t\t\t<label for=\"user_pass\">Contrase\u00f1a<\/label>\n\t\t\t\t<input type=\"password\" name=\"pwd\" id=\"user_pass\" autocomplete=\"current-password\" spellcheck=\"false\" class=\"input\" value=\"\" size=\"20\" \/>\n\t\t\t<\/p><p class=\"login-remember\"><label><input name=\"rememberme\" type=\"checkbox\" id=\"rememberme\" value=\"forever\" \/> Recu\u00e9rdame<\/label><\/p><p class=\"login-submit\">\n\t\t\t\t<input type=\"submit\" name=\"wp-submit\" id=\"wp-submit\" class=\"button button-primary\" value=\"Acceder\" \/>\n\t\t\t\t<input type=\"hidden\" name=\"redirect_to\" value=\"\/documents\/\" \/>\n\t\t\t<\/p><\/form>[vc_empty_space height=&#8221;40px&#8221;][vc_column_text][documents][\/vc_column_text][\/vc_column_inner][\/vc_row_inner][\/vc_column][\/vc_row]<\/p>\n<\/div>","protected":false},"excerpt":{"rendered":"<p>[vc_row full_width=&#8221;stretch_row&#8221; css=&#8221;.vc_custom_1648430485161{padding-top: 100px !important;padding-bottom: 100px !important;}&#8221;][vc_column][vc_row_inner][vc_column_inner width=&#8221;1\/2&#8243;][vc_column_text] ACCESO AL \u00c1REA PRIVADA Mediante el acceso [&hellip;]<\/p>\n","protected":false},"author":1,"featured_media":7760,"parent":0,"menu_order":0,"comment_status":"closed","ping_status":"closed","template":"","meta":{"_acf_changed":false,"footnotes":""},"class_list":["post-9403","page","type-page","status-publish","has-post-thumbnail","hentry"],"acf":[],"yoast_head":"<!-- This site is optimized with the Yoast SEO plugin v26.5 - https:\/\/yoast.com\/wordpress\/plugins\/seo\/ -->\n<title>Area Privada - ENSCAT<\/title>\n<meta name=\"description\" content=\"Mitjan\u00e7ant l\u2019acc\u00e9s a l\u2019\u00c0REA PRIVADA, la persona adscrita a l\u2019ENSCAT pot accedir, de forma individualitzada, a la informaci\u00f3 referent al seu expedient d\u2019adscripci\u00f3.\" \/>\n<meta name=\"robots\" content=\"index, follow, max-snippet:-1, max-image-preview:large, max-video-preview:-1\" \/>\n<link rel=\"canonical\" href=\"https:\/\/pruebas.enscat.org\/es\/area-privada\/\" \/>\n<meta property=\"og:locale\" content=\"es_ES\" \/>\n<meta property=\"og:type\" content=\"article\" \/>\n<meta property=\"og:title\" content=\"Area Privada - ENSCAT\" \/>\n<meta property=\"og:description\" content=\"Mitjan\u00e7ant l\u2019acc\u00e9s a l\u2019\u00c0REA PRIVADA, la persona adscrita a l\u2019ENSCAT pot accedir, de forma individualitzada, a la informaci\u00f3 referent al seu expedient d\u2019adscripci\u00f3.\" \/>\n<meta property=\"og:url\" content=\"https:\/\/pruebas.enscat.org\/es\/area-privada\/\" \/>\n<meta property=\"og:site_name\" content=\"ENSCAT\" \/>\n<meta property=\"article:modified_time\" content=\"2023-05-05T03:57:51+00:00\" \/>\n<meta property=\"og:image\" content=\"https:\/\/pruebas.enscat.org\/wp-content\/uploads\/2022\/03\/IMAENSCAT-ORG.jpg\" \/>\n\t<meta property=\"og:image:width\" content=\"1200\" \/>\n\t<meta property=\"og:image:height\" content=\"630\" \/>\n\t<meta property=\"og:image:type\" content=\"image\/jpeg\" \/>\n<meta name=\"twitter:card\" content=\"summary_large_image\" \/>\n<meta name=\"twitter:image\" content=\"https:\/\/pruebas.enscat.org\/wp-content\/uploads\/2022\/03\/IMAENSCAT-ORG.jpg\" \/>\n<script type=\"application\/ld+json\" class=\"yoast-schema-graph\">{\"@context\":\"https:\/\/schema.org\",\"@graph\":[{\"@type\":\"WebPage\",\"@id\":\"https:\/\/pruebas.enscat.org\/es\/area-privada\/\",\"url\":\"https:\/\/pruebas.enscat.org\/es\/area-privada\/\",\"name\":\"Area Privada - ENSCAT\",\"isPartOf\":{\"@id\":\"https:\/\/pruebas.enscat.org\/es\/#website\"},\"primaryImageOfPage\":{\"@id\":\"https:\/\/pruebas.enscat.org\/es\/area-privada\/#primaryimage\"},\"image\":{\"@id\":\"https:\/\/pruebas.enscat.org\/es\/area-privada\/#primaryimage\"},\"thumbnailUrl\":\"https:\/\/pruebas.enscat.org\/wp-content\/uploads\/2022\/02\/header.jpg\",\"datePublished\":\"2022-03-10T21:05:36+00:00\",\"dateModified\":\"2023-05-05T03:57:51+00:00\",\"description\":\"Mitjan\u00e7ant l\u2019acc\u00e9s a l\u2019\u00c0REA PRIVADA, la persona adscrita a l\u2019ENSCAT pot accedir, de forma individualitzada, a la informaci\u00f3 referent al seu expedient d\u2019adscripci\u00f3.\",\"breadcrumb\":{\"@id\":\"https:\/\/pruebas.enscat.org\/es\/area-privada\/#breadcrumb\"},\"inLanguage\":\"es\",\"potentialAction\":[{\"@type\":\"ReadAction\",\"target\":[\"https:\/\/pruebas.enscat.org\/es\/area-privada\/\"]}]},{\"@type\":\"ImageObject\",\"inLanguage\":\"es\",\"@id\":\"https:\/\/pruebas.enscat.org\/es\/area-privada\/#primaryimage\",\"url\":\"https:\/\/pruebas.enscat.org\/wp-content\/uploads\/2022\/02\/header.jpg\",\"contentUrl\":\"https:\/\/pruebas.enscat.org\/wp-content\/uploads\/2022\/02\/header.jpg\",\"width\":2000,\"height\":1333,\"caption\":\"forest i cami_ENSCAT\"},{\"@type\":\"BreadcrumbList\",\"@id\":\"https:\/\/pruebas.enscat.org\/es\/area-privada\/#breadcrumb\",\"itemListElement\":[{\"@type\":\"ListItem\",\"position\":1,\"name\":\"Portada\",\"item\":\"https:\/\/pruebas.enscat.org\/es\/inicio\/\"},{\"@type\":\"ListItem\",\"position\":2,\"name\":\"Area Privada\"}]},{\"@type\":\"WebSite\",\"@id\":\"https:\/\/pruebas.enscat.org\/es\/#website\",\"url\":\"https:\/\/pruebas.enscat.org\/es\/\",\"name\":\"ENSCAT\",\"description\":\"Ens Catal\u00e0 Sol\u00b7licitant de la Certificaci\u00f3 Forestal\",\"publisher\":{\"@id\":\"https:\/\/pruebas.enscat.org\/es\/#organization\"},\"potentialAction\":[{\"@type\":\"SearchAction\",\"target\":{\"@type\":\"EntryPoint\",\"urlTemplate\":\"https:\/\/pruebas.enscat.org\/es\/?s={search_term_string}\"},\"query-input\":{\"@type\":\"PropertyValueSpecification\",\"valueRequired\":true,\"valueName\":\"search_term_string\"}}],\"inLanguage\":\"es\"},{\"@type\":\"Organization\",\"@id\":\"https:\/\/pruebas.enscat.org\/es\/#organization\",\"name\":\"Ens Catl\u00e0 Sol\u00b7licitant de la Certificaci\u00f3 Forestal\",\"url\":\"https:\/\/pruebas.enscat.org\/es\/\",\"logo\":{\"@type\":\"ImageObject\",\"inLanguage\":\"es\",\"@id\":\"https:\/\/pruebas.enscat.org\/es\/#\/schema\/logo\/image\/\",\"url\":\"https:\/\/pruebas.enscat.org\/wp-content\/uploads\/2022\/01\/LogoENSCAT-color.svg\",\"contentUrl\":\"https:\/\/pruebas.enscat.org\/wp-content\/uploads\/2022\/01\/LogoENSCAT-color.svg\",\"width\":\"1024\",\"height\":\"1024\",\"caption\":\"Ens Catl\u00e0 Sol\u00b7licitant de la Certificaci\u00f3 Forestal\"},\"image\":{\"@id\":\"https:\/\/pruebas.enscat.org\/es\/#\/schema\/logo\/image\/\"}}]}<\/script>\n<!-- \/ Yoast SEO plugin. -->","yoast_head_json":{"title":"Area Privada - ENSCAT","description":"Mitjan\u00e7ant l\u2019acc\u00e9s a l\u2019\u00c0REA PRIVADA, la persona adscrita a l\u2019ENSCAT pot accedir, de forma individualitzada, a la informaci\u00f3 referent al seu expedient d\u2019adscripci\u00f3.","robots":{"index":"index","follow":"follow","max-snippet":"max-snippet:-1","max-image-preview":"max-image-preview:large","max-video-preview":"max-video-preview:-1"},"canonical":"https:\/\/pruebas.enscat.org\/es\/area-privada\/","og_locale":"es_ES","og_type":"article","og_title":"Area Privada - ENSCAT","og_description":"Mitjan\u00e7ant l\u2019acc\u00e9s a l\u2019\u00c0REA PRIVADA, la persona adscrita a l\u2019ENSCAT pot accedir, de forma individualitzada, a la informaci\u00f3 referent al seu expedient d\u2019adscripci\u00f3.","og_url":"https:\/\/pruebas.enscat.org\/es\/area-privada\/","og_site_name":"ENSCAT","article_modified_time":"2023-05-05T03:57:51+00:00","og_image":[{"width":1200,"height":630,"url":"https:\/\/pruebas.enscat.org\/wp-content\/uploads\/2022\/03\/IMAENSCAT-ORG.jpg","type":"image\/jpeg"}],"twitter_card":"summary_large_image","twitter_image":"https:\/\/pruebas.enscat.org\/wp-content\/uploads\/2022\/03\/IMAENSCAT-ORG.jpg","schema":{"@context":"https:\/\/schema.org","@graph":[{"@type":"WebPage","@id":"https:\/\/pruebas.enscat.org\/es\/area-privada\/","url":"https:\/\/pruebas.enscat.org\/es\/area-privada\/","name":"Area Privada - ENSCAT","isPartOf":{"@id":"https:\/\/pruebas.enscat.org\/es\/#website"},"primaryImageOfPage":{"@id":"https:\/\/pruebas.enscat.org\/es\/area-privada\/#primaryimage"},"image":{"@id":"https:\/\/pruebas.enscat.org\/es\/area-privada\/#primaryimage"},"thumbnailUrl":"https:\/\/pruebas.enscat.org\/wp-content\/uploads\/2022\/02\/header.jpg","datePublished":"2022-03-10T21:05:36+00:00","dateModified":"2023-05-05T03:57:51+00:00","description":"Mitjan\u00e7ant l\u2019acc\u00e9s a l\u2019\u00c0REA PRIVADA, la persona adscrita a l\u2019ENSCAT pot accedir, de forma individualitzada, a la informaci\u00f3 referent al seu expedient d\u2019adscripci\u00f3.","breadcrumb":{"@id":"https:\/\/pruebas.enscat.org\/es\/area-privada\/#breadcrumb"},"inLanguage":"es","potentialAction":[{"@type":"ReadAction","target":["https:\/\/pruebas.enscat.org\/es\/area-privada\/"]}]},{"@type":"ImageObject","inLanguage":"es","@id":"https:\/\/pruebas.enscat.org\/es\/area-privada\/#primaryimage","url":"https:\/\/pruebas.enscat.org\/wp-content\/uploads\/2022\/02\/header.jpg","contentUrl":"https:\/\/pruebas.enscat.org\/wp-content\/uploads\/2022\/02\/header.jpg","width":2000,"height":1333,"caption":"forest i cami_ENSCAT"},{"@type":"BreadcrumbList","@id":"https:\/\/pruebas.enscat.org\/es\/area-privada\/#breadcrumb","itemListElement":[{"@type":"ListItem","position":1,"name":"Portada","item":"https:\/\/pruebas.enscat.org\/es\/inicio\/"},{"@type":"ListItem","position":2,"name":"Area Privada"}]},{"@type":"WebSite","@id":"https:\/\/pruebas.enscat.org\/es\/#website","url":"https:\/\/pruebas.enscat.org\/es\/","name":"ENSCAT","description":"Ens Catal\u00e0 Sol\u00b7licitant de la Certificaci\u00f3 Forestal","publisher":{"@id":"https:\/\/pruebas.enscat.org\/es\/#organization"},"potentialAction":[{"@type":"SearchAction","target":{"@type":"EntryPoint","urlTemplate":"https:\/\/pruebas.enscat.org\/es\/?s={search_term_string}"},"query-input":{"@type":"PropertyValueSpecification","valueRequired":true,"valueName":"search_term_string"}}],"inLanguage":"es"},{"@type":"Organization","@id":"https:\/\/pruebas.enscat.org\/es\/#organization","name":"Ens Catl\u00e0 Sol\u00b7licitant de la Certificaci\u00f3 Forestal","url":"https:\/\/pruebas.enscat.org\/es\/","logo":{"@type":"ImageObject","inLanguage":"es","@id":"https:\/\/pruebas.enscat.org\/es\/#\/schema\/logo\/image\/","url":"https:\/\/pruebas.enscat.org\/wp-content\/uploads\/2022\/01\/LogoENSCAT-color.svg","contentUrl":"https:\/\/pruebas.enscat.org\/wp-content\/uploads\/2022\/01\/LogoENSCAT-color.svg","width":"1024","height":"1024","caption":"Ens Catl\u00e0 Sol\u00b7licitant de la Certificaci\u00f3 Forestal"},"image":{"@id":"https:\/\/pruebas.enscat.org\/es\/#\/schema\/logo\/image\/"}}]}},"_links":{"self":[{"href":"https:\/\/pruebas.enscat.org\/es\/wp-json\/wp\/v2\/pages\/9403","targetHints":{"allow":["GET"]}}],"collection":[{"href":"https:\/\/pruebas.enscat.org\/es\/wp-json\/wp\/v2\/pages"}],"about":[{"href":"https:\/\/pruebas.enscat.org\/es\/wp-json\/wp\/v2\/types\/page"}],"author":[{"embeddable":true,"href":"https:\/\/pruebas.enscat.org\/es\/wp-json\/wp\/v2\/users\/1"}],"replies":[{"embeddable":true,"href":"https:\/\/pruebas.enscat.org\/es\/wp-json\/wp\/v2\/comments?post=9403"}],"version-history":[{"count":0,"href":"https:\/\/pruebas.enscat.org\/es\/wp-json\/wp\/v2\/pages\/9403\/revisions"}],"wp:featuredmedia":[{"embeddable":true,"href":"https:\/\/pruebas.enscat.org\/es\/wp-json\/wp\/v2\/media\/7760"}],"wp:attachment":[{"href":"https:\/\/pruebas.enscat.org\/es\/wp-json\/wp\/v2\/media?parent=9403"}],"curies":[{"name":"wp","href":"https:\/\/api.w.org\/{rel}","templated":true}]}}